{"id":2915,"date":"2021-11-18T16:43:54","date_gmt":"2021-11-18T16:43:54","guid":{"rendered":"https:\/\/kinzig.dental\/?page_id=2915"},"modified":"2021-11-18T17:26:53","modified_gmt":"2021-11-18T17:26:53","slug":"natur-heimat","status":"publish","type":"page","link":"https:\/\/kinzig.dental\/en\/our-concept\/natur-heimat\/","title":{"rendered":"Natur &#038; Heimat"},"content":{"rendered":"Zahnmedizinische Kompetenz in der Region <br\/>\r\nKINZIGDENTAL DRES. SANDER &#038; KOLLEGEN\r\n<br\/><br\/>\r\nDank jahrzehntelanger Erfahrung und mittels modernster Technik, befinden Sie sich in allen Belangen der Zahngesundheit und -\u00e4sthetik bei KINZIGDENTAL DRES. SANDER &#038; KOLLEGEN immer in professionellen H\u00e4nden. Ihre pers\u00f6nlichen Bed\u00fcrfnisse und Ihr Wohlbefinden stehen f\u00fcr uns dabei an erster Stelle.\r\n<br\/><br\/>\r\nWir lieben unseren Beruf und f\u00fchlen eine enge Verbundenheit mit unserer Heimat und der Natur. Wir freuen uns daher, in der wundersch\u00f6nen Region Haslach im Kinzigtal f\u00fcr Sie da zu sein.\r\n<br\/><br\/>\r\nBei Verlust von einem oder mehrerer Z\u00e4hne k\u00f6nnen Sie mit modernen Zahnimplantaten Ihre gewohnte Lebensqualit\u00e4t zur\u00fcckerhalten \u2013 auf schonende Weise und in h\u00f6chster Qualit\u00e4t.\r\n<br\/><br\/>\r\nWir beraten Sie gerne.","protected":false},"excerpt":{"rendered":"<p>Zahnmedizinische Kompetenz in der Region KINZIGDENTAL DRES. SANDER &#038; KOLLEGEN Dank jahrzehntelanger Erfahrung und mittels modernster Technik, befinden Sie sich [&hellip;]<\/p>\n","protected":false},"author":3,"featured_media":0,"parent":1894,"menu_order":0,"comment_status":"closed","ping_status":"closed","template":"page-templates\/natur-heimat.php","meta":{"_acf_changed":false,"footnotes":""},"class_list":["post-2915","page","type-page","status-publish","hentry"],"translation":{"provider":"WPGlobus","version":"3.0.0","language":"en","enabled_languages":["de","en"],"languages":{"de":{"title":true,"content":true,"excerpt":false},"en":{"title":false,"content":false,"excerpt":false}}},"acf":[],"_links":{"self":[{"href":"https:\/\/kinzig.dental\/en\/wp-json\/wp\/v2\/pages\/2915","targetHints":{"allow":["GET"]}}],"collection":[{"href":"https:\/\/kinzig.dental\/en\/wp-json\/wp\/v2\/pages"}],"about":[{"href":"https:\/\/kinzig.dental\/en\/wp-json\/wp\/v2\/types\/page"}],"author":[{"embeddable":true,"href":"https:\/\/kinzig.dental\/en\/wp-json\/wp\/v2\/users\/3"}],"replies":[{"embeddable":true,"href":"https:\/\/kinzig.dental\/en\/wp-json\/wp\/v2\/comments?post=2915"}],"version-history":[{"count":5,"href":"https:\/\/kinzig.dental\/en\/wp-json\/wp\/v2\/pages\/2915\/revisions"}],"predecessor-version":[{"id":2924,"href":"https:\/\/kinzig.dental\/en\/wp-json\/wp\/v2\/pages\/2915\/revisions\/2924"}],"up":[{"embeddable":true,"href":"https:\/\/kinzig.dental\/en\/wp-json\/wp\/v2\/pages\/1894"}],"wp:attachment":[{"href":"https:\/\/kinzig.dental\/en\/wp-json\/wp\/v2\/media?parent=2915"}],"curies":[{"name":"wp","href":"https:\/\/api.w.org\/{rel}","templated":true}]}}